{"id":6,"date":"2018-07-31T08:55:54","date_gmt":"2018-07-31T08:55:54","guid":{"rendered":"http:\/\/repp.wpengine.com\/about\/"},"modified":"2025-04-08T16:10:40","modified_gmt":"2025-04-08T16:10:40","slug":"about-repp","status":"publish","type":"page","link":"https:\/\/repp.energy\/pt\/about-repp\/","title":{"rendered":"Sobre"},"content":{"rendered":"<p>REPP trabalha para mobilizar a atividade de desenvolvimento do setor privado \u2013 e o investimento \u2013 em projetos de pequeno a m\u00e9dio porte (normalmente at\u00e9 25 MW) e \u00e9 financiado pelo Desenvolvimento Internacional do Reino Unido. O seu financiamento prov\u00e9m do UK International Climate Finance (ICF) e \u00e9 gerido pelo Foreign Commonwealth and Development Office (FCDO).<\/p>\n<p>O conceito original do programa foi desenvolvido pelo Programa da ONU para o Meio Ambiente e o Banco Europeu de Investimento, em resposta \u00e0 iniciativa Energia Sustent\u00e1vel para Todos da ONU.<\/p>\n<p>A REPP \u00e9 gerida por <a href=\"https:\/\/www.camco.energy\" target=\"_blank\" rel=\"noopener noreferrer\">Camco<\/a>, l\u00edder em financiamento de energia renov\u00e1vel, que fornece aos promotores acesso a v\u00e1rios produtos financeiros, servi\u00e7os e experi\u00eancia.<\/p>\n\n\n<p><\/p>","protected":false},"excerpt":{"rendered":"REPP works to mobilise private sector development activity \u2013 and investment \u2013 in small to medium-sized projects (typically up to 25MW) and is funded by UK International Development. Its funding is UK International Climate Finance (ICF) and is managed through the Foreign Commonwealth and Development Office (FCDO). The original concept for the programme was developed&#8230;","protected":false},"author":1,"featured_media":0,"parent":0,"menu_order":1,"comment_status":"closed","ping_status":"closed","template":"a-about.php","meta":{"_acf_changed":false,"inline_featured_image":false,"cybocfi_hide_featured_image":"","footnotes":""},"class_list":["post-6","page","type-page","status-publish","hentry"],"acf":[],"yoast_head":"<!-- This site is optimized with the Yoast SEO plugin v27.0 - https:\/\/yoast.com\/product\/yoast-seo-wordpress\/ -->\n<title>About - Renewable Energy Performance Platform (REPP)<\/title>\n<meta name=\"description\" content=\"REPP was founded in 2015 to catalyse the growth of sub-Saharan Africa\u2019s renewable energy sector by helping developers overcome barriers to finance.\" \/>\n<meta name=\"robots\" content=\"index, follow, max-snippet:-1, max-image-preview:large, max-video-preview:-1\" \/>\n<link rel=\"canonical\" href=\"https:\/\/repp.energy\/pt\/about-repp\/\" \/>\n<meta property=\"og:locale\" content=\"pt_PT\" \/>\n<meta property=\"og:type\" content=\"article\" \/>\n<meta property=\"og:title\" content=\"About - Renewable Energy Performance Platform (REPP)\" \/>\n<meta property=\"og:description\" content=\"REPP was founded in 2015 to catalyse the growth of sub-Saharan Africa\u2019s renewable energy sector by helping developers overcome barriers to finance.\" \/>\n<meta property=\"og:url\" content=\"https:\/\/repp.energy\/pt\/about-repp\/\" \/>\n<meta property=\"og:site_name\" content=\"REPP\" \/>\n<meta property=\"article:modified_time\" content=\"2025-04-08T16:10:40+00:00\" \/>\n<meta name=\"twitter:card\" content=\"summary_large_image\" \/>\n<meta name=\"twitter:label1\" content=\"Tempo estimado de leitura\" \/>\n\t<meta name=\"twitter:data1\" content=\"1 minuto\" \/>\n<script type=\"application\/ld+json\" class=\"yoast-schema-graph\">{\"@context\":\"https:\/\/schema.org\",\"@graph\":[{\"@type\":\"WebPage\",\"@id\":\"https:\/\/repp.energy\/about-repp\/\",\"url\":\"https:\/\/repp.energy\/about-repp\/\",\"name\":\"About - Renewable Energy Performance Platform (REPP)\",\"isPartOf\":{\"@id\":\"https:\/\/repp.energy\/#website\"},\"datePublished\":\"2018-07-31T08:55:54+00:00\",\"dateModified\":\"2025-04-08T16:10:40+00:00\",\"description\":\"REPP was founded in 2015 to catalyse the growth of sub-Saharan Africa\u2019s renewable energy sector by helping developers overcome barriers to finance.\",\"breadcrumb\":{\"@id\":\"https:\/\/repp.energy\/about-repp\/#breadcrumb\"},\"inLanguage\":\"pt-PT\",\"potentialAction\":[{\"@type\":\"ReadAction\",\"target\":[\"https:\/\/repp.energy\/about-repp\/\"]}]},{\"@type\":\"BreadcrumbList\",\"@id\":\"https:\/\/repp.energy\/about-repp\/#breadcrumb\",\"itemListElement\":[{\"@type\":\"ListItem\",\"position\":1,\"name\":\"Home\",\"item\":\"https:\/\/repp.energy\/\"},{\"@type\":\"ListItem\",\"position\":2,\"name\":\"About\"}]},{\"@type\":\"WebSite\",\"@id\":\"https:\/\/repp.energy\/#website\",\"url\":\"https:\/\/repp.energy\/\",\"name\":\"REPP\",\"description\":\"Renewable Energy Performance Platform\",\"potentialAction\":[{\"@type\":\"SearchAction\",\"target\":{\"@type\":\"EntryPoint\",\"urlTemplate\":\"https:\/\/repp.energy\/?s={search_term_string}\"},\"query-input\":{\"@type\":\"PropertyValueSpecification\",\"valueRequired\":true,\"valueName\":\"search_term_string\"}}],\"inLanguage\":\"pt-PT\"}]}<\/script>\n<!-- \/ Yoast SEO plugin. -->","yoast_head_json":{"title":"About - Renewable Energy Performance Platform (REPP)","description":"A REPP foi fundada em 2015 para catalisar o crescimento do setor de energia renov\u00e1vel da \u00c1frica Subsariana ao ajudar os promotores a superar as barreiras ao financiamento.","robots":{"index":"index","follow":"follow","max-snippet":"max-snippet:-1","max-image-preview":"max-image-preview:large","max-video-preview":"max-video-preview:-1"},"canonical":"https:\/\/repp.energy\/pt\/about-repp\/","og_locale":"pt_PT","og_type":"article","og_title":"About - Renewable Energy Performance Platform (REPP)","og_description":"REPP was founded in 2015 to catalyse the growth of sub-Saharan Africa\u2019s renewable energy sector by helping developers overcome barriers to finance.","og_url":"https:\/\/repp.energy\/pt\/about-repp\/","og_site_name":"REPP","article_modified_time":"2025-04-08T16:10:40+00:00","twitter_card":"summary_large_image","twitter_misc":{"Tempo estimado de leitura":"1 minuto"},"schema":{"@context":"https:\/\/schema.org","@graph":[{"@type":"WebPage","@id":"https:\/\/repp.energy\/about-repp\/","url":"https:\/\/repp.energy\/about-repp\/","name":"About - Renewable Energy Performance Platform (REPP)","isPartOf":{"@id":"https:\/\/repp.energy\/#website"},"datePublished":"2018-07-31T08:55:54+00:00","dateModified":"2025-04-08T16:10:40+00:00","description":"A REPP foi fundada em 2015 para catalisar o crescimento do setor de energia renov\u00e1vel da \u00c1frica Subsariana ao ajudar os promotores a superar as barreiras ao financiamento.","breadcrumb":{"@id":"https:\/\/repp.energy\/about-repp\/#breadcrumb"},"inLanguage":"pt-PT","potentialAction":[{"@type":"ReadAction","target":["https:\/\/repp.energy\/about-repp\/"]}]},{"@type":"BreadcrumbList","@id":"https:\/\/repp.energy\/about-repp\/#breadcrumb","itemListElement":[{"@type":"ListItem","position":1,"name":"Home","item":"https:\/\/repp.energy\/"},{"@type":"ListItem","position":2,"name":"About"}]},{"@type":"WebSite","@id":"https:\/\/repp.energy\/#website","url":"https:\/\/repp.energy\/","name":"REPP","description":"Renewable Energy Performance Platform","potentialAction":[{"@type":"SearchAction","target":{"@type":"EntryPoint","urlTemplate":"https:\/\/repp.energy\/?s={search_term_string}"},"query-input":{"@type":"PropertyValueSpecification","valueRequired":true,"valueName":"search_term_string"}}],"inLanguage":"pt-PT"}]}},"_links":{"self":[{"href":"https:\/\/repp.energy\/pt\/wp-json\/wp\/v2\/pages\/6","targetHints":{"allow":["GET"]}}],"collection":[{"href":"https:\/\/repp.energy\/pt\/wp-json\/wp\/v2\/pages"}],"about":[{"href":"https:\/\/repp.energy\/pt\/wp-json\/wp\/v2\/types\/page"}],"author":[{"embeddable":true,"href":"https:\/\/repp.energy\/pt\/wp-json\/wp\/v2\/users\/1"}],"replies":[{"embeddable":true,"href":"https:\/\/repp.energy\/pt\/wp-json\/wp\/v2\/comments?post=6"}],"version-history":[{"count":0,"href":"https:\/\/repp.energy\/pt\/wp-json\/wp\/v2\/pages\/6\/revisions"}],"wp:attachment":[{"href":"https:\/\/repp.energy\/pt\/wp-json\/wp\/v2\/media?parent=6"}],"curies":[{"name":"wp","href":"https:\/\/api.w.org\/{rel}","templated":true}]}}