{"id":12,"date":"2018-07-31T09:04:52","date_gmt":"2018-07-31T09:04:52","guid":{"rendered":"http:\/\/repp.wpengine.com\/about\/management-board\/"},"modified":"2025-10-28T12:25:20","modified_gmt":"2025-10-28T12:25:20","slug":"management-board","status":"publish","type":"page","link":"https:\/\/repp.energy\/pt\/about-repp\/management-board\/","title":{"rendered":"Conselho de Administra\u00e7\u00e3o"},"content":{"rendered":"","protected":false},"excerpt":{"rendered":"","protected":false},"author":1,"featured_media":0,"parent":6,"menu_order":7,"comment_status":"closed","ping_status":"closed","template":"a-about-child-page.php","meta":{"_acf_changed":false,"inline_featured_image":false,"cybocfi_hide_featured_image":"","footnotes":""},"class_list":["post-12","page","type-page","status-publish","hentry"],"acf":[],"yoast_head":"<!-- This site is optimized with the Yoast SEO plugin v27.0 - https:\/\/yoast.com\/product\/yoast-seo-wordpress\/ -->\n<title>Who&#039;s who on REPP&#039;s Management Board - REPP<\/title>\n<meta name=\"description\" content=\"REPP\u2019s four-member Management Board is responsible for the overall direction and strategy of the programme, and promoting its success.\" \/>\n<meta name=\"robots\" content=\"index, follow, max-snippet:-1, max-image-preview:large, max-video-preview:-1\" \/>\n<link rel=\"canonical\" href=\"https:\/\/repp.energy\/pt\/about-repp\/management-board\/\" \/>\n<meta property=\"og:locale\" content=\"pt_PT\" \/>\n<meta property=\"og:type\" content=\"article\" \/>\n<meta property=\"og:title\" content=\"Who&#039;s who on REPP&#039;s Management Board - REPP\" \/>\n<meta property=\"og:description\" content=\"REPP\u2019s four-member Management Board is responsible for the overall direction and strategy of the programme, and promoting its success.\" \/>\n<meta property=\"og:url\" content=\"https:\/\/repp.energy\/pt\/about-repp\/management-board\/\" \/>\n<meta property=\"og:site_name\" content=\"REPP\" \/>\n<meta property=\"article:modified_time\" content=\"2025-10-28T12:25:20+00:00\" \/>\n<meta name=\"twitter:card\" content=\"summary_large_image\" \/>\n<script type=\"application\/ld+json\" class=\"yoast-schema-graph\">{\"@context\":\"https:\/\/schema.org\",\"@graph\":[{\"@type\":\"WebPage\",\"@id\":\"https:\/\/repp.energy\/about-repp\/management-board\/\",\"url\":\"https:\/\/repp.energy\/about-repp\/management-board\/\",\"name\":\"Who's who on REPP's Management Board - REPP\",\"isPartOf\":{\"@id\":\"https:\/\/repp.energy\/#website\"},\"datePublished\":\"2018-07-31T09:04:52+00:00\",\"dateModified\":\"2025-10-28T12:25:20+00:00\",\"description\":\"REPP\u2019s four-member Management Board is responsible for the overall direction and strategy of the programme, and promoting its success.\",\"breadcrumb\":{\"@id\":\"https:\/\/repp.energy\/about-repp\/management-board\/#breadcrumb\"},\"inLanguage\":\"pt-PT\",\"potentialAction\":[{\"@type\":\"ReadAction\",\"target\":[\"https:\/\/repp.energy\/about-repp\/management-board\/\"]}]},{\"@type\":\"BreadcrumbList\",\"@id\":\"https:\/\/repp.energy\/about-repp\/management-board\/#breadcrumb\",\"itemListElement\":[{\"@type\":\"ListItem\",\"position\":1,\"name\":\"Home\",\"item\":\"https:\/\/repp.energy\/\"},{\"@type\":\"ListItem\",\"position\":2,\"name\":\"About\",\"item\":\"https:\/\/repp.energy\/about-repp\/\"},{\"@type\":\"ListItem\",\"position\":3,\"name\":\"Management Board\"}]},{\"@type\":\"WebSite\",\"@id\":\"https:\/\/repp.energy\/#website\",\"url\":\"https:\/\/repp.energy\/\",\"name\":\"REPP\",\"description\":\"Renewable Energy Performance Platform\",\"potentialAction\":[{\"@type\":\"SearchAction\",\"target\":{\"@type\":\"EntryPoint\",\"urlTemplate\":\"https:\/\/repp.energy\/?s={search_term_string}\"},\"query-input\":{\"@type\":\"PropertyValueSpecification\",\"valueRequired\":true,\"valueName\":\"search_term_string\"}}],\"inLanguage\":\"pt-PT\"}]}<\/script>\n<!-- \/ Yoast SEO plugin. -->","yoast_head_json":{"title":"Who's who on REPP's Management Board - REPP","description":"O Conselho de Administra\u00e7\u00e3o de quatro membros da REPP \u00e9 respons\u00e1vel pela dire\u00e7\u00e3o-geral e estrat\u00e9gia do programa e por promover o seu sucesso.","robots":{"index":"index","follow":"follow","max-snippet":"max-snippet:-1","max-image-preview":"max-image-preview:large","max-video-preview":"max-video-preview:-1"},"canonical":"https:\/\/repp.energy\/pt\/about-repp\/management-board\/","og_locale":"pt_PT","og_type":"article","og_title":"Who's who on REPP's Management Board - REPP","og_description":"REPP\u2019s four-member Management Board is responsible for the overall direction and strategy of the programme, and promoting its success.","og_url":"https:\/\/repp.energy\/pt\/about-repp\/management-board\/","og_site_name":"REPP","article_modified_time":"2025-10-28T12:25:20+00:00","twitter_card":"summary_large_image","schema":{"@context":"https:\/\/schema.org","@graph":[{"@type":"WebPage","@id":"https:\/\/repp.energy\/about-repp\/management-board\/","url":"https:\/\/repp.energy\/about-repp\/management-board\/","name":"Who's who on REPP's Management Board - REPP","isPartOf":{"@id":"https:\/\/repp.energy\/#website"},"datePublished":"2018-07-31T09:04:52+00:00","dateModified":"2025-10-28T12:25:20+00:00","description":"O Conselho de Administra\u00e7\u00e3o de quatro membros da REPP \u00e9 respons\u00e1vel pela dire\u00e7\u00e3o-geral e estrat\u00e9gia do programa e por promover o seu sucesso.","breadcrumb":{"@id":"https:\/\/repp.energy\/about-repp\/management-board\/#breadcrumb"},"inLanguage":"pt-PT","potentialAction":[{"@type":"ReadAction","target":["https:\/\/repp.energy\/about-repp\/management-board\/"]}]},{"@type":"BreadcrumbList","@id":"https:\/\/repp.energy\/about-repp\/management-board\/#breadcrumb","itemListElement":[{"@type":"ListItem","position":1,"name":"Home","item":"https:\/\/repp.energy\/"},{"@type":"ListItem","position":2,"name":"About","item":"https:\/\/repp.energy\/about-repp\/"},{"@type":"ListItem","position":3,"name":"Management Board"}]},{"@type":"WebSite","@id":"https:\/\/repp.energy\/#website","url":"https:\/\/repp.energy\/","name":"REPP","description":"Renewable Energy Performance Platform","potentialAction":[{"@type":"SearchAction","target":{"@type":"EntryPoint","urlTemplate":"https:\/\/repp.energy\/?s={search_term_string}"},"query-input":{"@type":"PropertyValueSpecification","valueRequired":true,"valueName":"search_term_string"}}],"inLanguage":"pt-PT"}]}},"_links":{"self":[{"href":"https:\/\/repp.energy\/pt\/wp-json\/wp\/v2\/pages\/12","targetHints":{"allow":["GET"]}}],"collection":[{"href":"https:\/\/repp.energy\/pt\/wp-json\/wp\/v2\/pages"}],"about":[{"href":"https:\/\/repp.energy\/pt\/wp-json\/wp\/v2\/types\/page"}],"author":[{"embeddable":true,"href":"https:\/\/repp.energy\/pt\/wp-json\/wp\/v2\/users\/1"}],"replies":[{"embeddable":true,"href":"https:\/\/repp.energy\/pt\/wp-json\/wp\/v2\/comments?post=12"}],"version-history":[{"count":0,"href":"https:\/\/repp.energy\/pt\/wp-json\/wp\/v2\/pages\/12\/revisions"}],"up":[{"embeddable":true,"href":"https:\/\/repp.energy\/pt\/wp-json\/wp\/v2\/pages\/6"}],"wp:attachment":[{"href":"https:\/\/repp.energy\/pt\/wp-json\/wp\/v2\/media?parent=12"}],"curies":[{"name":"wp","href":"https:\/\/api.w.org\/{rel}","templated":true}]}}