{"id":6,"date":"2018-07-31T08:55:54","date_gmt":"2018-07-31T08:55:54","guid":{"rendered":"http:\/\/repp.wpengine.com\/about\/"},"modified":"2025-04-08T16:10:40","modified_gmt":"2025-04-08T16:10:40","slug":"about-repp","status":"publish","type":"page","link":"https:\/\/repp.energy\/fr\/about-repp\/","title":{"rendered":"Accueil"},"content":{"rendered":"<p>REPP \u0153uvre \u00e0 mobiliser les activit\u00e9s de d\u00e9veloppement du secteur priv\u00e9 \u2013 et les investissements \u2013 dans des projets de petite \u00e0 moyenne taille (g\u00e9n\u00e9ralement jusqu'\u00e0 25 MW) et est financ\u00e9 par le d\u00e9veloppement international du Royaume-Uni (UK International Development). Son financement provient du UK International Climate Finance (ICF) et est g\u00e9r\u00e9 par le Foreign Commonwealth and Development Office (FCDO).<\/p>\n<p>Le concept initial du programme a \u00e9t\u00e9 d\u00e9velopp\u00e9 par le Programme des Nations Unies pour l'Environnement et La Banque Europ\u00e9enne d'Investissement en r\u00e9ponse \u00e0 l\u2019initiative d\u2019energie durable pour tous des Nations Unies.<\/p>\n<p>REPP est g\u00e9r\u00e9 par <a href=\"https:\/\/www.camco.energy\" target=\"_blank\" rel=\"noopener noreferrer\">Camco<\/a>, un leader du financement des \u00e9nergies renouvelables. Camco propose  aux d\u00e9veloppeurs de projets une vaste gamme de produits etservices financiers.<\/p>\n\n\n<p><\/p>","protected":false},"excerpt":{"rendered":"REPP works to mobilise private sector development activity \u2013 and investment \u2013 in small to medium-sized projects (typically up to 25MW) and is funded by UK International Development. Its funding is UK International Climate Finance (ICF) and is managed through the Foreign Commonwealth and Development Office (FCDO). The original concept for the programme was developed&#8230;","protected":false},"author":1,"featured_media":0,"parent":0,"menu_order":1,"comment_status":"closed","ping_status":"closed","template":"a-about.php","meta":{"_acf_changed":false,"inline_featured_image":false,"cybocfi_hide_featured_image":"","footnotes":""},"class_list":["post-6","page","type-page","status-publish","hentry"],"acf":[],"yoast_head":"<!-- This site is optimized with the Yoast SEO plugin v27.0 - https:\/\/yoast.com\/product\/yoast-seo-wordpress\/ -->\n<title>About - Renewable Energy Performance Platform (REPP)<\/title>\n<meta name=\"description\" content=\"REPP was founded in 2015 to catalyse the growth of sub-Saharan Africa\u2019s renewable energy sector by helping developers overcome barriers to finance.\" \/>\n<meta name=\"robots\" content=\"index, follow, max-snippet:-1, max-image-preview:large, max-video-preview:-1\" \/>\n<link rel=\"canonical\" href=\"https:\/\/repp.energy\/fr\/about-repp\/\" \/>\n<meta property=\"og:locale\" content=\"fr_FR\" \/>\n<meta property=\"og:type\" content=\"article\" \/>\n<meta property=\"og:title\" content=\"About - Renewable Energy Performance Platform (REPP)\" \/>\n<meta property=\"og:description\" content=\"REPP was founded in 2015 to catalyse the growth of sub-Saharan Africa\u2019s renewable energy sector by helping developers overcome barriers to finance.\" \/>\n<meta property=\"og:url\" content=\"https:\/\/repp.energy\/fr\/about-repp\/\" \/>\n<meta property=\"og:site_name\" content=\"REPP\" \/>\n<meta property=\"article:modified_time\" content=\"2025-04-08T16:10:40+00:00\" \/>\n<meta name=\"twitter:card\" content=\"summary_large_image\" \/>\n<meta name=\"twitter:label1\" content=\"Dur\u00e9e de lecture estim\u00e9e\" \/>\n\t<meta name=\"twitter:data1\" content=\"1 minute\" \/>\n<script type=\"application\/ld+json\" class=\"yoast-schema-graph\">{\"@context\":\"https:\/\/schema.org\",\"@graph\":[{\"@type\":\"WebPage\",\"@id\":\"https:\/\/repp.energy\/about-repp\/\",\"url\":\"https:\/\/repp.energy\/about-repp\/\",\"name\":\"About - Renewable Energy Performance Platform (REPP)\",\"isPartOf\":{\"@id\":\"https:\/\/repp.energy\/#website\"},\"datePublished\":\"2018-07-31T08:55:54+00:00\",\"dateModified\":\"2025-04-08T16:10:40+00:00\",\"description\":\"REPP was founded in 2015 to catalyse the growth of sub-Saharan Africa\u2019s renewable energy sector by helping developers overcome barriers to finance.\",\"breadcrumb\":{\"@id\":\"https:\/\/repp.energy\/about-repp\/#breadcrumb\"},\"inLanguage\":\"fr-FR\",\"potentialAction\":[{\"@type\":\"ReadAction\",\"target\":[\"https:\/\/repp.energy\/about-repp\/\"]}]},{\"@type\":\"BreadcrumbList\",\"@id\":\"https:\/\/repp.energy\/about-repp\/#breadcrumb\",\"itemListElement\":[{\"@type\":\"ListItem\",\"position\":1,\"name\":\"Home\",\"item\":\"https:\/\/repp.energy\/\"},{\"@type\":\"ListItem\",\"position\":2,\"name\":\"About\"}]},{\"@type\":\"WebSite\",\"@id\":\"https:\/\/repp.energy\/#website\",\"url\":\"https:\/\/repp.energy\/\",\"name\":\"REPP\",\"description\":\"Renewable Energy Performance Platform\",\"potentialAction\":[{\"@type\":\"SearchAction\",\"target\":{\"@type\":\"EntryPoint\",\"urlTemplate\":\"https:\/\/repp.energy\/?s={search_term_string}\"},\"query-input\":{\"@type\":\"PropertyValueSpecification\",\"valueRequired\":true,\"valueName\":\"search_term_string\"}}],\"inLanguage\":\"fr-FR\"}]}<\/script>\n<!-- \/ Yoast SEO plugin. -->","yoast_head_json":{"title":"About - Renewable Energy Performance Platform (REPP)","description":"REPP a \u00e9t\u00e9 fond\u00e9e en 2015 afin d\u2019acc\u00e9l\u00e9rer la croissance du secteur des \u00e9nergies renouvelables en Afrique subsaharienne en aidant les d\u00e9veloppeurs \u00e0 financer leurs projets.","robots":{"index":"index","follow":"follow","max-snippet":"max-snippet:-1","max-image-preview":"max-image-preview:large","max-video-preview":"max-video-preview:-1"},"canonical":"https:\/\/repp.energy\/fr\/about-repp\/","og_locale":"fr_FR","og_type":"article","og_title":"About - Renewable Energy Performance Platform (REPP)","og_description":"REPP was founded in 2015 to catalyse the growth of sub-Saharan Africa\u2019s renewable energy sector by helping developers overcome barriers to finance.","og_url":"https:\/\/repp.energy\/fr\/about-repp\/","og_site_name":"REPP","article_modified_time":"2025-04-08T16:10:40+00:00","twitter_card":"summary_large_image","twitter_misc":{"Dur\u00e9e de lecture estim\u00e9e":"1 minute"},"schema":{"@context":"https:\/\/schema.org","@graph":[{"@type":"WebPage","@id":"https:\/\/repp.energy\/about-repp\/","url":"https:\/\/repp.energy\/about-repp\/","name":"About - Renewable Energy Performance Platform (REPP)","isPartOf":{"@id":"https:\/\/repp.energy\/#website"},"datePublished":"2018-07-31T08:55:54+00:00","dateModified":"2025-04-08T16:10:40+00:00","description":"REPP a \u00e9t\u00e9 fond\u00e9e en 2015 afin d\u2019acc\u00e9l\u00e9rer la croissance du secteur des \u00e9nergies renouvelables en Afrique subsaharienne en aidant les d\u00e9veloppeurs \u00e0 financer leurs projets.","breadcrumb":{"@id":"https:\/\/repp.energy\/about-repp\/#breadcrumb"},"inLanguage":"fr-FR","potentialAction":[{"@type":"ReadAction","target":["https:\/\/repp.energy\/about-repp\/"]}]},{"@type":"BreadcrumbList","@id":"https:\/\/repp.energy\/about-repp\/#breadcrumb","itemListElement":[{"@type":"ListItem","position":1,"name":"Home","item":"https:\/\/repp.energy\/"},{"@type":"ListItem","position":2,"name":"About"}]},{"@type":"WebSite","@id":"https:\/\/repp.energy\/#website","url":"https:\/\/repp.energy\/","name":"REPP","description":"Renewable Energy Performance Platform","potentialAction":[{"@type":"SearchAction","target":{"@type":"EntryPoint","urlTemplate":"https:\/\/repp.energy\/?s={search_term_string}"},"query-input":{"@type":"PropertyValueSpecification","valueRequired":true,"valueName":"search_term_string"}}],"inLanguage":"fr-FR"}]}},"_links":{"self":[{"href":"https:\/\/repp.energy\/fr\/wp-json\/wp\/v2\/pages\/6","targetHints":{"allow":["GET"]}}],"collection":[{"href":"https:\/\/repp.energy\/fr\/wp-json\/wp\/v2\/pages"}],"about":[{"href":"https:\/\/repp.energy\/fr\/wp-json\/wp\/v2\/types\/page"}],"author":[{"embeddable":true,"href":"https:\/\/repp.energy\/fr\/wp-json\/wp\/v2\/users\/1"}],"replies":[{"embeddable":true,"href":"https:\/\/repp.energy\/fr\/wp-json\/wp\/v2\/comments?post=6"}],"version-history":[{"count":0,"href":"https:\/\/repp.energy\/fr\/wp-json\/wp\/v2\/pages\/6\/revisions"}],"wp:attachment":[{"href":"https:\/\/repp.energy\/fr\/wp-json\/wp\/v2\/media?parent=6"}],"curies":[{"name":"wp","href":"https:\/\/api.w.org\/{rel}","templated":true}]}}